{"id":4983,"date":"2024-04-16T22:08:18","date_gmt":"2024-04-16T20:08:18","guid":{"rendered":"https:\/\/sabassaplana.com\/actividades\/"},"modified":"2024-04-16T22:08:18","modified_gmt":"2024-04-16T20:08:18","slug":"actividades","status":"publish","type":"page","link":"https:\/\/sabassaplana.com\/de\/actividades\/","title":{"rendered":"Actividades"},"content":{"rendered":"\t\t<div data-elementor-type=\"wp-page\" data-elementor-id=\"4983\" class=\"elementor elementor-4983 elementor-3914\" data-elementor-post-type=\"page\">\n\t\t\t\t<div class=\"elementor-element elementor-element-17e84e2 e-con-full e-flex e-con e-parent\" data-id=\"17e84e2\" data-element_type=\"container\" data-settings=\"{&quot;background_background&quot;:&quot;classic&quot;,&quot;jet_parallax_layout_list&quot;:[]}\" data-core-v316-plus=\"true\">\n\t\t<div class=\"elementor-element elementor-element-2473195 e-con-full e-flex e-con e-child\" data-id=\"2473195\" data-element_type=\"container\" data-settings=\"{&quot;background_background&quot;:&quot;classic&quot;,&quot;jet_parallax_layout_list&quot;:[]}\">\n\t\t\t\t<div class=\"elementor-element elementor-element-0d4dd67 elementor-widget elementor-widget-heading\" data-id=\"0d4dd67\" data-element_type=\"widget\" data-widget_type=\"heading.default\">\n\t\t\t\t<div class=\"elementor-widget-container\">\n\t\t\t<style>\/*! elementor - v3.20.0 - 11-03-2024 *\/\n.elementor-heading-title{padding:0;margin:0;line-height:1}.elementor-widget-heading .elementor-heading-title[class*=elementor-size-]>a{color:inherit;font-size:inherit;line-height:inherit}.elementor-widget-heading .elementor-heading-title.elementor-size-small{font-size:15px}.elementor-widget-heading .elementor-heading-title.elementor-size-medium{font-size:19px}.elementor-widget-heading .elementor-heading-title.elementor-size-large{font-size:29px}.elementor-widget-heading .elementor-heading-title.elementor-size-xl{font-size:39px}.elementor-widget-heading .elementor-heading-title.elementor-size-xxl{font-size:59px}<\/style><h6 class=\"elementor-heading-title elementor-size-default\">EINE INSEL VOLLER M\u00d6GLICHKEITEN<\/h6>\t\t<\/div>\n\t\t\t\t<\/div>\n\t\t\t\t<div class=\"elementor-element elementor-element-32aee83 elementor-widget elementor-widget-heading\" data-id=\"32aee83\" data-element_type=\"widget\" data-widget_type=\"heading.default\">\n\t\t\t\t<div class=\"elementor-widget-container\">\n\t\t\t<h1 class=\"elementor-heading-title elementor-size-default\">Aktivit\u00e4ten<\/h1>\t\t<\/div>\n\t\t\t\t<\/div>\n\t\t\t\t<div class=\"elementor-element elementor-element-371aba1 elementor-widget-divider--view-line elementor-widget elementor-widget-divider\" data-id=\"371aba1\" data-element_type=\"widget\" data-widget_type=\"divider.default\">\n\t\t\t\t<div class=\"elementor-widget-container\">\n\t\t\t<style>\/*! elementor - v3.20.0 - 11-03-2024 *\/\n.elementor-widget-divider{--divider-border-style:none;--divider-border-width:1px;--divider-color:#0c0d0e;--divider-icon-size:20px;--divider-element-spacing:10px;--divider-pattern-height:24px;--divider-pattern-size:20px;--divider-pattern-url:none;--divider-pattern-repeat:repeat-x}.elementor-widget-divider .elementor-divider{display:flex}.elementor-widget-divider .elementor-divider__text{font-size:15px;line-height:1;max-width:95%}.elementor-widget-divider .elementor-divider__element{margin:0 var(--divider-element-spacing);flex-shrink:0}.elementor-widget-divider .elementor-icon{font-size:var(--divider-icon-size)}.elementor-widget-divider .elementor-divider-separator{display:flex;margin:0;direction:ltr}.elementor-widget-divider--view-line_icon .elementor-divider-separator,.elementor-widget-divider--view-line_text .elementor-divider-separator{align-items:center}.elementor-widget-divider--view-line_icon .elementor-divider-separator:after,.elementor-widget-divider--view-line_icon .elementor-divider-separator:before,.elementor-widget-divider--view-line_text .elementor-divider-separator:after,.elementor-widget-divider--view-line_text .elementor-divider-separator:before{display:block;content:\"\";border-block-end:0;flex-grow:1;border-block-start:var(--divider-border-width) var(--divider-border-style) var(--divider-color)}.elementor-widget-divider--element-align-left .elementor-divider .elementor-divider-separator>.elementor-divider__svg:first-of-type{flex-grow:0;flex-shrink:100}.elementor-widget-divider--element-align-left .elementor-divider-separator:before{content:none}.elementor-widget-divider--element-align-left .elementor-divider__element{margin-left:0}.elementor-widget-divider--element-align-right .elementor-divider .elementor-divider-separator>.elementor-divider__svg:last-of-type{flex-grow:0;flex-shrink:100}.elementor-widget-divider--element-align-right .elementor-divider-separator:after{content:none}.elementor-widget-divider--element-align-right .elementor-divider__element{margin-right:0}.elementor-widget-divider--element-align-start .elementor-divider .elementor-divider-separator>.elementor-divider__svg:first-of-type{flex-grow:0;flex-shrink:100}.elementor-widget-divider--element-align-start .elementor-divider-separator:before{content:none}.elementor-widget-divider--element-align-start .elementor-divider__element{margin-inline-start:0}.elementor-widget-divider--element-align-end .elementor-divider .elementor-divider-separator>.elementor-divider__svg:last-of-type{flex-grow:0;flex-shrink:100}.elementor-widget-divider--element-align-end .elementor-divider-separator:after{content:none}.elementor-widget-divider--element-align-end .elementor-divider__element{margin-inline-end:0}.elementor-widget-divider:not(.elementor-widget-divider--view-line_text):not(.elementor-widget-divider--view-line_icon) .elementor-divider-separator{border-block-start:var(--divider-border-width) var(--divider-border-style) var(--divider-color)}.elementor-widget-divider--separator-type-pattern{--divider-border-style:none}.elementor-widget-divider--separator-type-pattern.elementor-widget-divider--view-line .elementor-divider-separator,.elementor-widget-divider--separator-type-pattern:not(.elementor-widget-divider--view-line) .elementor-divider-separator:after,.elementor-widget-divider--separator-type-pattern:not(.elementor-widget-divider--view-line) .elementor-divider-separator:before,.elementor-widget-divider--separator-type-pattern:not([class*=elementor-widget-divider--view]) .elementor-divider-separator{width:100%;min-height:var(--divider-pattern-height);-webkit-mask-size:var(--divider-pattern-size) 100%;mask-size:var(--divider-pattern-size) 100%;-webkit-mask-repeat:var(--divider-pattern-repeat);mask-repeat:var(--divider-pattern-repeat);background-color:var(--divider-color);-webkit-mask-image:var(--divider-pattern-url);mask-image:var(--divider-pattern-url)}.elementor-widget-divider--no-spacing{--divider-pattern-size:auto}.elementor-widget-divider--bg-round{--divider-pattern-repeat:round}.rtl .elementor-widget-divider .elementor-divider__text{direction:rtl}.e-con-inner>.elementor-widget-divider,.e-con>.elementor-widget-divider{width:var(--container-widget-width,100%);--flex-grow:var(--container-widget-flex-grow)}<\/style>\t\t<div class=\"elementor-divider\">\n\t\t\t<span class=\"elementor-divider-separator\">\n\t\t\t\t\t\t<\/span>\n\t\t<\/div>\n\t\t\t\t<\/div>\n\t\t\t\t<\/div>\n\t\t\t\t<div class=\"elementor-element elementor-element-eea7d3d max900 elementor-widget elementor-widget-text-editor\" data-id=\"eea7d3d\" data-element_type=\"widget\" data-widget_type=\"text-editor.default\">\n\t\t\t\t<div class=\"elementor-widget-container\">\n\t\t\t<style>\/*! elementor - v3.20.0 - 11-03-2024 *\/\n.elementor-widget-text-editor.elementor-drop-cap-view-stacked .elementor-drop-cap{background-color:#69727d;color:#fff}.elementor-widget-text-editor.elementor-drop-cap-view-framed .elementor-drop-cap{color:#69727d;border:3px solid;background-color:transparent}.elementor-widget-text-editor:not(.elementor-drop-cap-view-default) .elementor-drop-cap{margin-top:8px}.elementor-widget-text-editor:not(.elementor-drop-cap-view-default) .elementor-drop-cap-letter{width:1em;height:1em}.elementor-widget-text-editor .elementor-drop-cap{float:left;text-align:center;line-height:1;font-size:50px}.elementor-widget-text-editor .elementor-drop-cap-letter{display:inline-block}<\/style>\t\t\t\t<p>Die Umgebung von Sa Bassa Plana bietet viele M\u00f6glichkeiten f\u00fcr jeden Geschmack. Wer aktiv erleben m\u00f6chte, kann beim Wandern oder Radfahren die Natur genie\u00dfen und die Insel bis ins Detail kennenlernen. Wer lieber ausruhen will, findet auf der Insel zahlreiche sch\u00f6ne Str\u00e4nde, an denen man sich entspannen kann. Dar\u00fcber hinaus bieten auch die Installationen von Sa Bassa Plana ideale M\u00f6glichkeiten, um richtig abzuschalten und einen erholsamen Urlaub zu verbringen.<\/p>\n\t\t\t\t\t\t<\/div>\n\t\t\t\t<\/div>\n\t\t\t\t<\/div>\n\t\t\t\t<\/div>\n\t\t<div class=\"elementor-element elementor-element-75fc785 e-con-full e-flex e-con e-parent\" data-id=\"75fc785\" data-element_type=\"container\" data-settings=\"{&quot;jet_parallax_layout_list&quot;:[]}\" data-core-v316-plus=\"true\">\n\t\t<div class=\"elementor-element elementor-element-4f0e8b0 e-con-full e-flex e-con e-child\" data-id=\"4f0e8b0\" data-element_type=\"container\" data-settings=\"{&quot;jet_parallax_layout_list&quot;:[]}\">\n\t\t\t\t<div class=\"elementor-element elementor-element-d6011f2 elementor-widget__width-initial elementor-widget elementor-widget-image\" data-id=\"d6011f2\" data-element_type=\"widget\" data-widget_type=\"image.default\">\n\t\t\t\t<div class=\"elementor-widget-container\">\n\t\t\t<style>\/*! elementor - v3.20.0 - 11-03-2024 *\/\n.elementor-widget-image{text-align:center}.elementor-widget-image a{display:inline-block}.elementor-widget-image a img[src$=\".svg\"]{width:48px}.elementor-widget-image img{vertical-align:middle;display:inline-block}<\/style>\t\t\t\t\t\t\t\t\t\t<img fetchpriority=\"high\" decoding=\"async\" width=\"758\" height=\"600\" src=\"https:\/\/sabassaplana.com\/wp-content\/uploads\/2024\/03\/AdobeStock_90284272.jpg\" class=\"attachment-full size-full wp-image-4533\" alt=\"\" srcset=\"https:\/\/sabassaplana.com\/wp-content\/uploads\/2024\/03\/AdobeStock_90284272.jpg 758w, https:\/\/sabassaplana.com\/wp-content\/uploads\/2024\/03\/AdobeStock_90284272-600x475.jpg 600w, https:\/\/sabassaplana.com\/wp-content\/uploads\/2024\/03\/AdobeStock_90284272-300x237.jpg 300w\" sizes=\"(max-width: 758px) 100vw, 758px\" \/>\t\t\t\t\t\t\t\t\t\t\t\t\t<\/div>\n\t\t\t\t<\/div>\n\t\t<div class=\"elementor-element elementor-element-d67cd11 e-con-full e-flex e-con e-child\" data-id=\"d67cd11\" data-element_type=\"container\" data-settings=\"{&quot;jet_parallax_layout_list&quot;:[]}\">\n\t\t\t\t<div class=\"elementor-element elementor-element-e74515c elementor-widget elementor-widget-heading\" data-id=\"e74515c\" data-element_type=\"widget\" data-widget_type=\"heading.default\">\n\t\t\t\t<div class=\"elementor-widget-container\">\n\t\t\t<h6 class=\"elementor-heading-title elementor-size-default\">ERKUNDEN SIE DIE INSEL AUF ZWEI R\u00c4DERN<\/h6>\t\t<\/div>\n\t\t\t\t<\/div>\n\t\t\t\t<div class=\"elementor-element elementor-element-6e8dceb elementor-widget elementor-widget-heading\" data-id=\"6e8dceb\" data-element_type=\"widget\" data-widget_type=\"heading.default\">\n\t\t\t\t<div class=\"elementor-widget-container\">\n\t\t\t<h3 class=\"elementor-heading-title elementor-size-default\">Radfahren<\/h3>\t\t<\/div>\n\t\t\t\t<\/div>\n\t\t\t\t<div class=\"elementor-element elementor-element-e574ccd elementor-widget-divider--view-line elementor-widget elementor-widget-divider\" data-id=\"e574ccd\" data-element_type=\"widget\" data-widget_type=\"divider.default\">\n\t\t\t\t<div class=\"elementor-widget-container\">\n\t\t\t\t\t<div class=\"elementor-divider\">\n\t\t\t<span class=\"elementor-divider-separator\">\n\t\t\t\t\t\t<\/span>\n\t\t<\/div>\n\t\t\t\t<\/div>\n\t\t\t\t<\/div>\n\t\t\t\t<div class=\"elementor-element elementor-element-240eb75 max900 elementor-widget elementor-widget-text-editor\" data-id=\"240eb75\" data-element_type=\"widget\" data-widget_type=\"text-editor.default\">\n\t\t\t\t<div class=\"elementor-widget-container\">\n\t\t\t\t\t\t\t<p>Aufs Fahrrad zu steigen und Kilometer um Kilometer zur\u00fcckzulegen ist etwas Herrliches. Noch sch\u00f6ner ist es, das auf Mallorca zu tun, denn die Insel bietet die besten Voraussetzungen f\u00fcr diesen Sport. Das Klima, die Landschaft, vielf\u00e4ltige Routen \u2013 sowohl flache als auch bergige Strecken \u2013 und die zahlreichen Events f\u00fcr Radsportler, die auf der Insel veranstaltet werden, haben Mallorca zu einem idealen Ort f\u00fcr die Liebhaber dieses Sports gemacht.<br \/>Au\u00dferdem ist Llucmajor eine der Gegenden, in denen der Fahrradtourismus am st\u00e4rksten zugenommen hat. Die bezaubernden Orte im Landesinnern der Insel, der Puig de Randa und die nahe K\u00fcste haben dazu gef\u00fchrt, dass immer mehr Radfahrer in diese Gegend kommen. Hier finden Sie einen Link zu einer Web mit\u00a0<strong><a href=\"http:\/\/www.ciclismoenmallorca.com\/listado-de-rutas\/\" target=\"_blank\" rel=\"noopener\">den besten Routen der Insel<\/a><\/strong>. Treten Sie in die Pedale!<\/p>\n\t\t\t\t\t\t<\/div>\n\t\t\t\t<\/div>\n\t\t\t\t<\/div>\n\t\t\t\t<\/div>\n\t\t\t\t<\/div>\n\t\t<div class=\"elementor-element elementor-element-a8f96d1 e-con-full e-flex e-con e-parent\" data-id=\"a8f96d1\" data-element_type=\"container\" data-settings=\"{&quot;jet_parallax_layout_list&quot;:[]}\" data-core-v316-plus=\"true\">\n\t\t<div class=\"elementor-element elementor-element-55a16eb e-con-full e-flex e-con e-child\" data-id=\"55a16eb\" data-element_type=\"container\" data-settings=\"{&quot;jet_parallax_layout_list&quot;:[]}\">\n\t\t<div class=\"elementor-element elementor-element-fa1fd80 e-con-full e-flex e-con e-child\" data-id=\"fa1fd80\" data-element_type=\"container\" data-settings=\"{&quot;jet_parallax_layout_list&quot;:[]}\">\n\t\t\t\t<div class=\"elementor-element elementor-element-69e80d8 elementor-widget elementor-widget-heading\" data-id=\"69e80d8\" data-element_type=\"widget\" data-widget_type=\"heading.default\">\n\t\t\t\t<div class=\"elementor-widget-container\">\n\t\t\t<h6 class=\"elementor-heading-title elementor-size-default\">WEGE, DIE AUF SIE WARTEN<\/h6>\t\t<\/div>\n\t\t\t\t<\/div>\n\t\t\t\t<div class=\"elementor-element elementor-element-edbf0cf elementor-widget elementor-widget-heading\" data-id=\"edbf0cf\" data-element_type=\"widget\" data-widget_type=\"heading.default\">\n\t\t\t\t<div class=\"elementor-widget-container\">\n\t\t\t<h3 class=\"elementor-heading-title elementor-size-default\">Wandern<\/h3>\t\t<\/div>\n\t\t\t\t<\/div>\n\t\t\t\t<div class=\"elementor-element elementor-element-c17ec68 elementor-widget-divider--view-line elementor-widget elementor-widget-divider\" data-id=\"c17ec68\" data-element_type=\"widget\" data-widget_type=\"divider.default\">\n\t\t\t\t<div class=\"elementor-widget-container\">\n\t\t\t\t\t<div class=\"elementor-divider\">\n\t\t\t<span class=\"elementor-divider-separator\">\n\t\t\t\t\t\t<\/span>\n\t\t<\/div>\n\t\t\t\t<\/div>\n\t\t\t\t<\/div>\n\t\t\t\t<div class=\"elementor-element elementor-element-23ff181 max900 elementor-widget elementor-widget-text-editor\" data-id=\"23ff181\" data-element_type=\"widget\" data-widget_type=\"text-editor.default\">\n\t\t\t\t<div class=\"elementor-widget-container\">\n\t\t\t\t\t\t\t<p>F\u00fcr jene, die lieber mit beiden Beinen auf der Erde stehen, gibt es auf der Insel zahlreiche Routen und Wanderwege und eine gro\u00dfe Vielfalt an spektakul\u00e4ren Landschaften, die zum Wandern oder Trial Running einladen. W\u00e4hlen kann man dabei zwischen den Wegen entlang der K\u00fcste, an denen das tiefblaue Meer der Protagonist ist, den Bergen mit verschiedenen, bis zu eintausend Meter hohen Gipfeln und wunderbarer Aussicht, oder flachen Strecken, die durch zauberhafte D\u00f6rfer f\u00fchren.<br \/>Auf dieser Web finden Sie die notwendigen Informationen zur\u00a0<strong><a href=\"http:\/\/www.senderosdemallorca.com\/rutas\/index.es.html?sql_first_record=5\" target=\"_blank\" rel=\"noopener\">Planung Ihrer Routen<\/a><\/strong>. Nat\u00fcrlich stehen auch wir Ihnen gerne f\u00fcr Fragen aller Art zur Verf\u00fcgung.<\/p>\n\t\t\t\t\t\t<\/div>\n\t\t\t\t<\/div>\n\t\t\t\t<\/div>\n\t\t\t\t<div class=\"elementor-element elementor-element-e4e7ba0 elementor-widget__width-initial elementor-widget elementor-widget-image\" data-id=\"e4e7ba0\" data-element_type=\"widget\" data-widget_type=\"image.default\">\n\t\t\t\t<div class=\"elementor-widget-container\">\n\t\t\t\t\t\t\t\t\t\t\t\t\t<img decoding=\"async\" width=\"600\" height=\"400\" src=\"https:\/\/sabassaplana.com\/wp-content\/uploads\/2024\/03\/AdobeStock_93016413.jpg\" class=\"attachment-full size-full wp-image-4540\" alt=\"\" srcset=\"https:\/\/sabassaplana.com\/wp-content\/uploads\/2024\/03\/AdobeStock_93016413.jpg 600w, https:\/\/sabassaplana.com\/wp-content\/uploads\/2024\/03\/AdobeStock_93016413-300x200.jpg 300w\" sizes=\"(max-width: 600px) 100vw, 600px\" \/>\t\t\t\t\t\t\t\t\t\t\t\t\t<\/div>\n\t\t\t\t<\/div>\n\t\t\t\t<\/div>\n\t\t\t\t<\/div>\n\t\t<div class=\"elementor-element elementor-element-7e70193 e-con-full e-flex e-con e-parent\" data-id=\"7e70193\" data-element_type=\"container\" data-settings=\"{&quot;background_background&quot;:&quot;classic&quot;,&quot;jet_parallax_layout_list&quot;:[]}\" data-core-v316-plus=\"true\">\n\t\t<div class=\"elementor-element elementor-element-abf6891 e-con-full e-flex e-con e-child\" data-id=\"abf6891\" data-element_type=\"container\" data-settings=\"{&quot;background_background&quot;:&quot;classic&quot;,&quot;jet_parallax_layout_list&quot;:[]}\">\n\t\t\t\t<div class=\"elementor-element elementor-element-ab97e6f elementor-widget elementor-widget-heading\" data-id=\"ab97e6f\" data-element_type=\"widget\" data-widget_type=\"heading.default\">\n\t\t\t\t<div class=\"elementor-widget-container\">\n\t\t\t<h6 class=\"elementor-heading-title elementor-size-default\">EIN UNENTDECKTES PARADIES<\/h6>\t\t<\/div>\n\t\t\t\t<\/div>\n\t\t\t\t<div class=\"elementor-element elementor-element-6d2ab0d elementor-widget elementor-widget-heading\" data-id=\"6d2ab0d\" data-element_type=\"widget\" data-widget_type=\"heading.default\">\n\t\t\t\t<div class=\"elementor-widget-container\">\n\t\t\t<h3 class=\"elementor-heading-title elementor-size-default\">Die Str\u00e4nde<\/h3>\t\t<\/div>\n\t\t\t\t<\/div>\n\t\t\t\t<div class=\"elementor-element elementor-element-9f0d78b elementor-widget-divider--view-line elementor-widget elementor-widget-divider\" data-id=\"9f0d78b\" data-element_type=\"widget\" data-widget_type=\"divider.default\">\n\t\t\t\t<div class=\"elementor-widget-container\">\n\t\t\t\t\t<div class=\"elementor-divider\">\n\t\t\t<span class=\"elementor-divider-separator\">\n\t\t\t\t\t\t<\/span>\n\t\t<\/div>\n\t\t\t\t<\/div>\n\t\t\t\t<\/div>\n\t\t\t\t<div class=\"elementor-element elementor-element-b6c6fb6 max900 elementor-widget elementor-widget-text-editor\" data-id=\"b6c6fb6\" data-element_type=\"widget\" data-widget_type=\"text-editor.default\">\n\t\t\t\t<div class=\"elementor-widget-container\">\n\t\t\t\t\t\t\t<p>Neben dem Klima, der Landschaft, der Orographie und dem Kunst- und Kulturreichtum Mallorcas gibt es einen weiteren entscheidenden Faktor, der die Insel zu einem der bedeutendsten Reiseziele Europas gemacht hat: die mallorquinische K\u00fcste. Denn die Str\u00e4nde und Buchten, die hier zu finden sind, haben ihren ganz besonderen Zauber.<br \/>\nDie Str\u00e4nde und kleinen Buchten im S\u00fcden zeichnen sich durch ihren feinen und wei\u00dfen Sand und ein in vielen T\u00fcrkist\u00f6nen schillerndes Meer aus. Im Norden dagegen hat der Gebirgszug Sierra de Tramuntana vorwiegend kleine Felsbuchten und -str\u00e4nde geformt, die von Steilk\u00fcste und gr\u00fcnen Bergen umgeben sind, gegen die sich das Meer mit seinem tiefen Blau abhebt.<br \/>\nIn der N\u00e4he von Sa Bassa Plana befinden sich zwei herrliche Str\u00e4nde: Es Trenc und Cala P\u00ed. Entdecken Sie sie!<br \/>\nUnd wenn Sie Lust auf mehr bekommen haben, finden Sie unter diesem Link eine gro\u00dfe Auswahl an Str\u00e4nden und Buchten auf der ganzen Insel. Sie werden Ihre Freude daran haben.<\/p>\n\t\t\t\t\t\t<\/div>\n\t\t\t\t<\/div>\n\t\t\t\t<\/div>\n\t\t\t\t<\/div>\n\t\t<div class=\"elementor-element elementor-element-747fa22 e-con-full e-flex e-con e-parent\" data-id=\"747fa22\" data-element_type=\"container\" data-settings=\"{&quot;background_background&quot;:&quot;classic&quot;,&quot;jet_parallax_layout_list&quot;:[]}\" data-core-v316-plus=\"true\">\n\t\t<div class=\"elementor-element elementor-element-33a7505 e-con-full e-flex e-con e-child\" data-id=\"33a7505\" data-element_type=\"container\" data-settings=\"{&quot;jet_parallax_layout_list&quot;:[]}\">\n\t\t<div class=\"elementor-element elementor-element-4332cc0 e-con-full e-flex e-con e-child\" data-id=\"4332cc0\" data-element_type=\"container\" data-settings=\"{&quot;background_background&quot;:&quot;classic&quot;,&quot;jet_parallax_layout_list&quot;:[]}\">\n\t\t\t\t<\/div>\n\t\t<div class=\"elementor-element elementor-element-961135c e-con-full e-flex e-con e-child\" data-id=\"961135c\" data-element_type=\"container\" data-settings=\"{&quot;background_background&quot;:&quot;classic&quot;,&quot;jet_parallax_layout_list&quot;:[]}\">\n\t\t\t\t<div class=\"elementor-element elementor-element-0ac165b max900 elementor-widget elementor-widget-text-editor\" data-id=\"0ac165b\" data-element_type=\"widget\" data-widget_type=\"text-editor.default\">\n\t\t\t\t<div class=\"elementor-widget-container\">\n\t\t\t\t\t\t\t<p>\u201eDie Menschen des Mittelmeers begannen die Barbarei hinter sich zu lassen, als sie lernten, Oliven und Wein anzubauen.\u201d<\/p>\n\t\t\t\t\t\t<\/div>\n\t\t\t\t<\/div>\n\t\t\t\t<div class=\"elementor-element elementor-element-479393b max900 elementor-widget elementor-widget-text-editor\" data-id=\"479393b\" data-element_type=\"widget\" data-widget_type=\"text-editor.default\">\n\t\t\t\t<div class=\"elementor-widget-container\">\n\t\t\t\t\t\t\t<p>TUC\u00cdDIDES<\/p>\n\t\t\t\t\t\t<\/div>\n\t\t\t\t<\/div>\n\t\t\t\t<\/div>\n\t\t<div class=\"elementor-element elementor-element-a7c435d e-con-full e-flex e-con e-child\" data-id=\"a7c435d\" data-element_type=\"container\" data-settings=\"{&quot;background_background&quot;:&quot;classic&quot;,&quot;jet_parallax_layout_list&quot;:[]}\">\n\t\t\t\t<div class=\"elementor-element elementor-element-decb607 elementor-widget elementor-widget-spacer\" data-id=\"decb607\" data-element_type=\"widget\" data-widget_type=\"spacer.default\">\n\t\t\t\t<div class=\"elementor-widget-container\">\n\t\t\t<style>\/*! elementor - v3.20.0 - 11-03-2024 *\/\n.elementor-column .elementor-spacer-inner{height:var(--spacer-size)}.e-con{--container-widget-width:100%}.e-con-inner>.elementor-widget-spacer,.e-con>.elementor-widget-spacer{width:var(--container-widget-width,var(--spacer-size));--align-self:var(--container-widget-align-self,initial);--flex-shrink:0}.e-con-inner>.elementor-widget-spacer>.elementor-widget-container,.e-con>.elementor-widget-spacer>.elementor-widget-container{height:100%;width:100%}.e-con-inner>.elementor-widget-spacer>.elementor-widget-container>.elementor-spacer,.e-con>.elementor-widget-spacer>.elementor-widget-container>.elementor-spacer{height:100%}.e-con-inner>.elementor-widget-spacer>.elementor-widget-container>.elementor-spacer>.elementor-spacer-inner,.e-con>.elementor-widget-spacer>.elementor-widget-container>.elementor-spacer>.elementor-spacer-inner{height:var(--container-widget-height,var(--spacer-size))}.e-con-inner>.elementor-widget-spacer.elementor-widget-empty,.e-con>.elementor-widget-spacer.elementor-widget-empty{position:relative;min-height:22px;min-width:22px}.e-con-inner>.elementor-widget-spacer.elementor-widget-empty .elementor-widget-empty-icon,.e-con>.elementor-widget-spacer.elementor-widget-empty .elementor-widget-empty-icon{position:absolute;top:0;bottom:0;left:0;right:0;margin:auto;padding:0;width:22px;height:22px}<\/style>\t\t<div class=\"elementor-spacer\">\n\t\t\t<div class=\"elementor-spacer-inner\"><\/div>\n\t\t<\/div>\n\t\t\t\t<\/div>\n\t\t\t\t<\/div>\n\t\t\t\t<\/div>\n\t\t\t\t<\/div>\n\t\t\t\t<\/div>\n\t\t\t\t<\/div>\n\t\t","protected":false},"excerpt":{"rendered":"<p>EINE INSEL VOLLER M\u00d6GLICHKEITEN Aktivit\u00e4ten Die Umgebung von Sa Bassa Plana bietet viele M\u00f6glichkeiten f\u00fcr jeden Geschmack. Wer aktiv erleben m\u00f6chte, kann beim Wandern oder Radfahren die Natur genie\u00dfen und die Insel bis ins Detail kennenlernen. Wer lieber ausruhen will, findet auf der Insel zahlreiche sch\u00f6ne Str\u00e4nde, an denen man sich entspannen kann. Dar\u00fcber hinaus [&hellip;]<\/p>\n","protected":false},"author":22,"featured_media":0,"parent":0,"menu_order":12,"comment_status":"closed","ping_status":"closed","template":"","meta":{"iawp_total_views":72,"footnotes":""},"class_list":["post-4983","page","type-page","status-publish","hentry"],"_links":{"self":[{"href":"https:\/\/sabassaplana.com\/de\/wp-json\/wp\/v2\/pages\/4983","targetHints":{"allow":["GET"]}}],"collection":[{"href":"https:\/\/sabassaplana.com\/de\/wp-json\/wp\/v2\/pages"}],"about":[{"href":"https:\/\/sabassaplana.com\/de\/wp-json\/wp\/v2\/types\/page"}],"author":[{"embeddable":true,"href":"https:\/\/sabassaplana.com\/de\/wp-json\/wp\/v2\/users\/22"}],"replies":[{"embeddable":true,"href":"https:\/\/sabassaplana.com\/de\/wp-json\/wp\/v2\/comments?post=4983"}],"version-history":[{"count":0,"href":"https:\/\/sabassaplana.com\/de\/wp-json\/wp\/v2\/pages\/4983\/revisions"}],"wp:attachment":[{"href":"https:\/\/sabassaplana.com\/de\/wp-json\/wp\/v2\/media?parent=4983"}],"curies":[{"name":"wp","href":"https:\/\/api.w.org\/{rel}","templated":true}]}}