{"id":4975,"date":"2024-04-16T21:43:20","date_gmt":"2024-04-16T19:43:20","guid":{"rendered":"https:\/\/sabassaplana.com\/umwelt\/"},"modified":"2024-04-16T21:43:21","modified_gmt":"2024-04-16T19:43:21","slug":"umwelt","status":"publish","type":"page","link":"https:\/\/sabassaplana.com\/de\/umwelt\/","title":{"rendered":"UMWELT"},"content":{"rendered":"\t\t<div data-elementor-type=\"wp-page\" data-elementor-id=\"4975\" class=\"elementor elementor-4975 elementor-3910\" data-elementor-post-type=\"page\">\n\t\t\t\t<div class=\"elementor-element elementor-element-75abca2 e-con-full e-flex e-con e-parent\" data-id=\"75abca2\" data-element_type=\"container\" data-settings=\"{&quot;background_background&quot;:&quot;classic&quot;,&quot;jet_parallax_layout_list&quot;:[]}\" data-core-v316-plus=\"true\">\n\t\t<div class=\"elementor-element elementor-element-1171a25 e-con-full e-flex e-con e-child\" data-id=\"1171a25\" data-element_type=\"container\" data-settings=\"{&quot;background_background&quot;:&quot;classic&quot;,&quot;jet_parallax_layout_list&quot;:[]}\">\n\t\t\t\t<div class=\"elementor-element elementor-element-eeb31b1 elementor-widget elementor-widget-heading\" data-id=\"eeb31b1\" data-element_type=\"widget\" data-widget_type=\"heading.default\">\n\t\t\t\t<div class=\"elementor-widget-container\">\n\t\t\t<style>\/*! elementor - v3.20.0 - 11-03-2024 *\/\n.elementor-heading-title{padding:0;margin:0;line-height:1}.elementor-widget-heading .elementor-heading-title[class*=elementor-size-]>a{color:inherit;font-size:inherit;line-height:inherit}.elementor-widget-heading .elementor-heading-title.elementor-size-small{font-size:15px}.elementor-widget-heading .elementor-heading-title.elementor-size-medium{font-size:19px}.elementor-widget-heading .elementor-heading-title.elementor-size-large{font-size:29px}.elementor-widget-heading .elementor-heading-title.elementor-size-xl{font-size:39px}.elementor-widget-heading .elementor-heading-title.elementor-size-xxl{font-size:59px}<\/style><h6 class=\"elementor-heading-title elementor-size-default\">HIER GIBT ES ALLES, WAS MAN ZUM GENIESSEN BRAUCHT<\/h6>\t\t<\/div>\n\t\t\t\t<\/div>\n\t\t\t\t<div class=\"elementor-element elementor-element-317ea59 elementor-widget elementor-widget-heading\" data-id=\"317ea59\" data-element_type=\"widget\" data-widget_type=\"heading.default\">\n\t\t\t\t<div class=\"elementor-widget-container\">\n\t\t\t<h1 class=\"elementor-heading-title elementor-size-default\">Naturparadies<\/h1>\t\t<\/div>\n\t\t\t\t<\/div>\n\t\t\t\t<div class=\"elementor-element elementor-element-52ad7f1 elementor-widget-divider--view-line elementor-widget elementor-widget-divider\" data-id=\"52ad7f1\" data-element_type=\"widget\" data-widget_type=\"divider.default\">\n\t\t\t\t<div class=\"elementor-widget-container\">\n\t\t\t<style>\/*! elementor - v3.20.0 - 11-03-2024 *\/\n.elementor-widget-divider{--divider-border-style:none;--divider-border-width:1px;--divider-color:#0c0d0e;--divider-icon-size:20px;--divider-element-spacing:10px;--divider-pattern-height:24px;--divider-pattern-size:20px;--divider-pattern-url:none;--divider-pattern-repeat:repeat-x}.elementor-widget-divider .elementor-divider{display:flex}.elementor-widget-divider .elementor-divider__text{font-size:15px;line-height:1;max-width:95%}.elementor-widget-divider .elementor-divider__element{margin:0 var(--divider-element-spacing);flex-shrink:0}.elementor-widget-divider .elementor-icon{font-size:var(--divider-icon-size)}.elementor-widget-divider .elementor-divider-separator{display:flex;margin:0;direction:ltr}.elementor-widget-divider--view-line_icon .elementor-divider-separator,.elementor-widget-divider--view-line_text .elementor-divider-separator{align-items:center}.elementor-widget-divider--view-line_icon .elementor-divider-separator:after,.elementor-widget-divider--view-line_icon .elementor-divider-separator:before,.elementor-widget-divider--view-line_text .elementor-divider-separator:after,.elementor-widget-divider--view-line_text .elementor-divider-separator:before{display:block;content:\"\";border-block-end:0;flex-grow:1;border-block-start:var(--divider-border-width) var(--divider-border-style) var(--divider-color)}.elementor-widget-divider--element-align-left .elementor-divider .elementor-divider-separator>.elementor-divider__svg:first-of-type{flex-grow:0;flex-shrink:100}.elementor-widget-divider--element-align-left .elementor-divider-separator:before{content:none}.elementor-widget-divider--element-align-left .elementor-divider__element{margin-left:0}.elementor-widget-divider--element-align-right .elementor-divider .elementor-divider-separator>.elementor-divider__svg:last-of-type{flex-grow:0;flex-shrink:100}.elementor-widget-divider--element-align-right .elementor-divider-separator:after{content:none}.elementor-widget-divider--element-align-right .elementor-divider__element{margin-right:0}.elementor-widget-divider--element-align-start .elementor-divider .elementor-divider-separator>.elementor-divider__svg:first-of-type{flex-grow:0;flex-shrink:100}.elementor-widget-divider--element-align-start .elementor-divider-separator:before{content:none}.elementor-widget-divider--element-align-start .elementor-divider__element{margin-inline-start:0}.elementor-widget-divider--element-align-end .elementor-divider .elementor-divider-separator>.elementor-divider__svg:last-of-type{flex-grow:0;flex-shrink:100}.elementor-widget-divider--element-align-end .elementor-divider-separator:after{content:none}.elementor-widget-divider--element-align-end .elementor-divider__element{margin-inline-end:0}.elementor-widget-divider:not(.elementor-widget-divider--view-line_text):not(.elementor-widget-divider--view-line_icon) .elementor-divider-separator{border-block-start:var(--divider-border-width) var(--divider-border-style) var(--divider-color)}.elementor-widget-divider--separator-type-pattern{--divider-border-style:none}.elementor-widget-divider--separator-type-pattern.elementor-widget-divider--view-line .elementor-divider-separator,.elementor-widget-divider--separator-type-pattern:not(.elementor-widget-divider--view-line) .elementor-divider-separator:after,.elementor-widget-divider--separator-type-pattern:not(.elementor-widget-divider--view-line) .elementor-divider-separator:before,.elementor-widget-divider--separator-type-pattern:not([class*=elementor-widget-divider--view]) .elementor-divider-separator{width:100%;min-height:var(--divider-pattern-height);-webkit-mask-size:var(--divider-pattern-size) 100%;mask-size:var(--divider-pattern-size) 100%;-webkit-mask-repeat:var(--divider-pattern-repeat);mask-repeat:var(--divider-pattern-repeat);background-color:var(--divider-color);-webkit-mask-image:var(--divider-pattern-url);mask-image:var(--divider-pattern-url)}.elementor-widget-divider--no-spacing{--divider-pattern-size:auto}.elementor-widget-divider--bg-round{--divider-pattern-repeat:round}.rtl .elementor-widget-divider .elementor-divider__text{direction:rtl}.e-con-inner>.elementor-widget-divider,.e-con>.elementor-widget-divider{width:var(--container-widget-width,100%);--flex-grow:var(--container-widget-flex-grow)}<\/style>\t\t<div class=\"elementor-divider\">\n\t\t\t<span class=\"elementor-divider-separator\">\n\t\t\t\t\t\t<\/span>\n\t\t<\/div>\n\t\t\t\t<\/div>\n\t\t\t\t<\/div>\n\t\t\t\t<div class=\"elementor-element elementor-element-c999975 max900 elementor-widget elementor-widget-text-editor\" data-id=\"c999975\" data-element_type=\"widget\" data-widget_type=\"text-editor.default\">\n\t\t\t\t<div class=\"elementor-widget-container\">\n\t\t\t<style>\/*! elementor - v3.20.0 - 11-03-2024 *\/\n.elementor-widget-text-editor.elementor-drop-cap-view-stacked .elementor-drop-cap{background-color:#69727d;color:#fff}.elementor-widget-text-editor.elementor-drop-cap-view-framed .elementor-drop-cap{color:#69727d;border:3px solid;background-color:transparent}.elementor-widget-text-editor:not(.elementor-drop-cap-view-default) .elementor-drop-cap{margin-top:8px}.elementor-widget-text-editor:not(.elementor-drop-cap-view-default) .elementor-drop-cap-letter{width:1em;height:1em}.elementor-widget-text-editor .elementor-drop-cap{float:left;text-align:center;line-height:1;font-size:50px}.elementor-widget-text-editor .elementor-drop-cap-letter{display:inline-block}<\/style>\t\t\t\t<p>Unser sch\u00f6nes Landgut liegt in der N\u00e4he von Llucmajor. Auf 250\u00a0Hektar k\u00f6nnen Sie zwischen den Mandel- und Zitronenb\u00e4umen und den Weinbergen rund um das Landhotel Natur und Ruhe genie\u00dfen.<br \/>Dank der guten Anbindung an das Stra\u00dfennetz sind die herrlichen Str\u00e4nde im S\u00fcden der Insel von Sa Bassa Plana aus einfach zu erreichen. Diese Str\u00e4nde sind f\u00fcr ihr sauberes und ruhiges Wasser bekannt. Das Meer zeigt hier sein ganzes Spektrum an Blau- und T\u00fcrkist\u00f6nen, die alle Besucher in Staunen versetzen. Gepr\u00e4gt wird die Landschaft au\u00dferdem durch den feinen wei\u00dfen Sand und die einheimische Vegetation.<br \/>Nachfolgend stellen wir Ihnen ein paar sehenswerte Orte in der N\u00e4he des Hotels vor, die Sie unbedingt besuchen sollten.<\/p>\n\t\t\t\t\t\t<\/div>\n\t\t\t\t<\/div>\n\t\t\t\t<\/div>\n\t\t\t\t<\/div>\n\t\t<div class=\"elementor-element elementor-element-6a4ebb2 e-con-full e-flex e-con e-parent\" data-id=\"6a4ebb2\" data-element_type=\"container\" id=\"calapi\" data-settings=\"{&quot;jet_parallax_layout_list&quot;:[]}\" data-core-v316-plus=\"true\">\n\t\t<div class=\"elementor-element elementor-element-d38cca4 e-con-full e-flex e-con e-child\" data-id=\"d38cca4\" data-element_type=\"container\" data-settings=\"{&quot;jet_parallax_layout_list&quot;:[]}\">\n\t\t\t\t<div class=\"elementor-element elementor-element-4e0325e elementor-widget__width-initial elementor-widget elementor-widget-image\" data-id=\"4e0325e\" data-element_type=\"widget\" data-widget_type=\"image.default\">\n\t\t\t\t<div class=\"elementor-widget-container\">\n\t\t\t<style>\/*! elementor - v3.20.0 - 11-03-2024 *\/\n.elementor-widget-image{text-align:center}.elementor-widget-image a{display:inline-block}.elementor-widget-image a img[src$=\".svg\"]{width:48px}.elementor-widget-image img{vertical-align:middle;display:inline-block}<\/style>\t\t\t\t\t\t\t\t\t\t<img fetchpriority=\"high\" decoding=\"async\" width=\"402\" height=\"600\" src=\"https:\/\/sabassaplana.com\/wp-content\/uploads\/2024\/03\/AdobeStock_14701868-2.jpg\" class=\"attachment-full size-full wp-image-4585\" alt=\"\" srcset=\"https:\/\/sabassaplana.com\/wp-content\/uploads\/2024\/03\/AdobeStock_14701868-2.jpg 402w, https:\/\/sabassaplana.com\/wp-content\/uploads\/2024\/03\/AdobeStock_14701868-2-201x300.jpg 201w\" sizes=\"(max-width: 402px) 100vw, 402px\" \/>\t\t\t\t\t\t\t\t\t\t\t\t\t<\/div>\n\t\t\t\t<\/div>\n\t\t<div class=\"elementor-element elementor-element-3ca06d4 e-con-full e-flex e-con e-child\" data-id=\"3ca06d4\" data-element_type=\"container\" data-settings=\"{&quot;jet_parallax_layout_list&quot;:[]}\">\n\t\t\t\t<div class=\"elementor-element elementor-element-061c44e elementor-widget elementor-widget-heading\" data-id=\"061c44e\" data-element_type=\"widget\" data-widget_type=\"heading.default\">\n\t\t\t\t<div class=\"elementor-widget-container\">\n\t\t\t<h6 class=\"elementor-heading-title elementor-size-default\">FRISCHE LUFT ATMEN<\/h6>\t\t<\/div>\n\t\t\t\t<\/div>\n\t\t\t\t<div class=\"elementor-element elementor-element-0ea2f86 elementor-widget elementor-widget-heading\" data-id=\"0ea2f86\" data-element_type=\"widget\" data-widget_type=\"heading.default\">\n\t\t\t\t<div class=\"elementor-widget-container\">\n\t\t\t<h3 class=\"elementor-heading-title elementor-size-default\">Cala P\u00ed<\/h3>\t\t<\/div>\n\t\t\t\t<\/div>\n\t\t\t\t<div class=\"elementor-element elementor-element-955ba93 elementor-widget-divider--view-line elementor-widget elementor-widget-divider\" data-id=\"955ba93\" data-element_type=\"widget\" data-widget_type=\"divider.default\">\n\t\t\t\t<div class=\"elementor-widget-container\">\n\t\t\t\t\t<div class=\"elementor-divider\">\n\t\t\t<span class=\"elementor-divider-separator\">\n\t\t\t\t\t\t<\/span>\n\t\t<\/div>\n\t\t\t\t<\/div>\n\t\t\t\t<\/div>\n\t\t\t\t<div class=\"elementor-element elementor-element-b5ce965 max900 elementor-widget elementor-widget-text-editor\" data-id=\"b5ce965\" data-element_type=\"widget\" data-widget_type=\"text-editor.default\">\n\t\t\t\t<div class=\"elementor-widget-container\">\n\t\t\t\t\t\t\t<p>Knapp drei Meter vom Hotel entfernt liegt\u00a0<a href=\"https:\/\/www.google.es\/maps\/place\/Cala+P%C3%AD\/@39.3639279,2.8340972,17z\/data=!3m1!4b1!4m2!3m1!1s0x1297a16734c86a61:0x74bd4d1c56380f65\" target=\"_blank\" rel=\"noopener\">Cala P\u00ed<\/a>, eine der spektakul\u00e4rsten Buchten im s\u00fcdlichen Teil der Insel. Ihren Namen, Pinienbucht, hat sie von dem Wald, der sie umgibt. Ein alter, kleiner Anlegesteg und der feine wei\u00dfe Sand verleihen dieser Bucht ihren besonderen Zauber.<br \/>Die Anfahrt mit dem Auto ist problemlos und es gibt einen kostenfreien Parkplatz, doch kann man die Bucht auch mit dem Bus erreichen. Ein paar steile Treppen f\u00fchren vom Parkplatz hinunter in die Cala P\u00ed, wo man in dem kristallklaren Wasser ein erfrischendes Bad nehmen kann. Zwischen zwei mehr als drei\u00dfig Meter hohen Felsen bahnt sich das Meer seinen Weg in die gesch\u00fctzteste Bucht des s\u00fcdlichen Teils der mallorquinischen K\u00fcste. Durch diese windgesch\u00fctzte Lage der Cala P\u00ed ist das Meer dort glatt wie ein Spiegel.<\/p>\n\t\t\t\t\t\t<\/div>\n\t\t\t\t<\/div>\n\t\t\t\t<\/div>\n\t\t\t\t<\/div>\n\t\t\t\t<\/div>\n\t\t<div class=\"elementor-element elementor-element-318040b e-con-full e-flex e-con e-parent\" data-id=\"318040b\" data-element_type=\"container\" data-settings=\"{&quot;jet_parallax_layout_list&quot;:[]}\" data-core-v316-plus=\"true\">\n\t\t<div class=\"elementor-element elementor-element-7bc49d6 e-con-full e-flex e-con e-child\" data-id=\"7bc49d6\" data-element_type=\"container\" data-settings=\"{&quot;jet_parallax_layout_list&quot;:[]}\">\n\t\t<div class=\"elementor-element elementor-element-91ba685 e-con-full e-flex e-con e-child\" data-id=\"91ba685\" data-element_type=\"container\" data-settings=\"{&quot;jet_parallax_layout_list&quot;:[]}\">\n\t\t\t\t<div class=\"elementor-element elementor-element-d8a8191 elementor-widget elementor-widget-heading\" data-id=\"d8a8191\" data-element_type=\"widget\" data-widget_type=\"heading.default\">\n\t\t\t\t<div class=\"elementor-widget-container\">\n\t\t\t<h6 class=\"elementor-heading-title elementor-size-default\">EIN ORT MIT BESONDEREM ZAUBER<\/h6>\t\t<\/div>\n\t\t\t\t<\/div>\n\t\t\t\t<div class=\"elementor-element elementor-element-b0e719f elementor-widget elementor-widget-heading\" data-id=\"b0e719f\" data-element_type=\"widget\" data-widget_type=\"heading.default\">\n\t\t\t\t<div class=\"elementor-widget-container\">\n\t\t\t<h3 class=\"elementor-heading-title elementor-size-default\"><a href=\"https:\/\/goo.gl\/maps\/qHJf2vvDPEr\" target=\"_blank\" rel=\"noopener\">Llucmajor<\/a><\/h3>\t\t<\/div>\n\t\t\t\t<\/div>\n\t\t\t\t<div class=\"elementor-element elementor-element-9f62fbe elementor-widget-divider--view-line elementor-widget elementor-widget-divider\" data-id=\"9f62fbe\" data-element_type=\"widget\" data-widget_type=\"divider.default\">\n\t\t\t\t<div class=\"elementor-widget-container\">\n\t\t\t\t\t<div class=\"elementor-divider\">\n\t\t\t<span class=\"elementor-divider-separator\">\n\t\t\t\t\t\t<\/span>\n\t\t<\/div>\n\t\t\t\t<\/div>\n\t\t\t\t<\/div>\n\t\t\t\t<div class=\"elementor-element elementor-element-f90cd7a max900 elementor-widget elementor-widget-text-editor\" data-id=\"f90cd7a\" data-element_type=\"widget\" data-widget_type=\"text-editor.default\">\n\t\t\t\t<div class=\"elementor-widget-container\">\n\t\t\t\t\t\t\t<p>Llucmajor ist ein Ort, den man gesehen haben muss. Man kann dort die h\u00fcbsche Kirche Sant Miquel besichtigen, die Ende des 18. Jahrhunderts im klassizistischen Stil mit barocken Einfl\u00fcssen errichtet wurde.<br \/>Doch es gibt hier noch mehr Sehenswertes, so das Heiligtum Nostra Senyora de Gr\u00e0cia, dessen Urspr\u00fcnge bis ins 15. Jahrhundert zur\u00fcckgehen, oder das Denkmal f\u00fcr K\u00f6nig Jakob III. von Mallorca, das den Tod des Monarchen in der Schlacht von Llucmajor darstellt.<\/p>\n<p><strong>Capocorb Vell.<\/strong><\/p>\n<p>Auf keinen Fall vers\u00e4umen d\u00fcrfen Sie einen Besuch in der talaiotischen Siedlung von Capocorb Vell, die knapp zwei Kilometer vom Hotel entfernt liegt. Sie wurde 1931 zum historisch-k\u00fcnstlerischen Nationalerbe erkl\u00e4rt und ist eine der bekanntesten talaiotischen Siedlungen Mallorcas. Ihre siebenundzwanzig R\u00e4ume, ihre Mauer und ihre gro\u00dfen Talaiots (dickwandige T\u00fcrme) sind mehr als beeindruckend.<\/p>\n\t\t\t\t\t\t<\/div>\n\t\t\t\t<\/div>\n\t\t\t\t<\/div>\n\t\t\t\t<div class=\"elementor-element elementor-element-c14f431 elementor-widget__width-initial elementor-widget elementor-widget-image\" data-id=\"c14f431\" data-element_type=\"widget\" data-widget_type=\"image.default\">\n\t\t\t\t<div class=\"elementor-widget-container\">\n\t\t\t\t\t\t\t\t\t\t\t\t\t<img decoding=\"async\" width=\"399\" height=\"600\" src=\"https:\/\/sabassaplana.com\/wp-content\/uploads\/2024\/03\/AdobeStock_14785751.jpg\" class=\"attachment-full size-full wp-image-4589\" alt=\"\" srcset=\"https:\/\/sabassaplana.com\/wp-content\/uploads\/2024\/03\/AdobeStock_14785751.jpg 399w, https:\/\/sabassaplana.com\/wp-content\/uploads\/2024\/03\/AdobeStock_14785751-200x300.jpg 200w\" sizes=\"(max-width: 399px) 100vw, 399px\" \/>\t\t\t\t\t\t\t\t\t\t\t\t\t<\/div>\n\t\t\t\t<\/div>\n\t\t\t\t<\/div>\n\t\t\t\t<\/div>\n\t\t<div class=\"elementor-element elementor-element-bc5eeb4 e-con-full e-flex e-con e-parent\" data-id=\"bc5eeb4\" data-element_type=\"container\" id=\"estrenc\" data-settings=\"{&quot;background_background&quot;:&quot;classic&quot;,&quot;jet_parallax_layout_list&quot;:[]}\" data-core-v316-plus=\"true\">\n\t\t<div class=\"elementor-element elementor-element-635d35d e-con-full e-flex e-con e-child\" data-id=\"635d35d\" data-element_type=\"container\" data-settings=\"{&quot;background_background&quot;:&quot;classic&quot;,&quot;jet_parallax_layout_list&quot;:[]}\">\n\t\t\t\t<div class=\"elementor-element elementor-element-1ab8938 elementor-widget elementor-widget-heading\" data-id=\"1ab8938\" data-element_type=\"widget\" data-widget_type=\"heading.default\">\n\t\t\t\t<div class=\"elementor-widget-container\">\n\t\t\t<h6 class=\"elementor-heading-title elementor-size-default\">DER SPEKTAKUL\u00c4RSTE UNBER\u00dcHRTE STRAND DER INSEL<\/h6>\t\t<\/div>\n\t\t\t\t<\/div>\n\t\t\t\t<div class=\"elementor-element elementor-element-09a7dce elementor-widget elementor-widget-heading\" data-id=\"09a7dce\" data-element_type=\"widget\" data-widget_type=\"heading.default\">\n\t\t\t\t<div class=\"elementor-widget-container\">\n\t\t\t<h3 class=\"elementor-heading-title elementor-size-default\">Es Trenc<\/h3>\t\t<\/div>\n\t\t\t\t<\/div>\n\t\t\t\t<div class=\"elementor-element elementor-element-0bae603 elementor-widget-divider--view-line elementor-widget elementor-widget-divider\" data-id=\"0bae603\" data-element_type=\"widget\" data-widget_type=\"divider.default\">\n\t\t\t\t<div class=\"elementor-widget-container\">\n\t\t\t\t\t<div class=\"elementor-divider\">\n\t\t\t<span class=\"elementor-divider-separator\">\n\t\t\t\t\t\t<\/span>\n\t\t<\/div>\n\t\t\t\t<\/div>\n\t\t\t\t<\/div>\n\t\t\t\t<div class=\"elementor-element elementor-element-599024b max900 elementor-widget elementor-widget-text-editor\" data-id=\"599024b\" data-element_type=\"widget\" data-widget_type=\"text-editor.default\">\n\t\t\t\t<div class=\"elementor-widget-container\">\n\t\t\t\t\t\t\t<p>Dieser mehr als drei Kilometer lange paradiesische Strand ist ohne jeden Zweifel einer der sch\u00f6nsten der ganzen Insel. Um ihn vor urbanistischer Nutzung zu sch\u00fctzen, wurde er zur\u00a0<strong>Besonderen Naturzone<\/strong>\u00a0erkl\u00e4rt und ist das letzte intakte Sandgebiet der Insel. Die Blau- und T\u00fcrkist\u00f6ne des Meers und das kristallklare Wasser werden Sie begeistern. Der feine, wei\u00dfe Sand hat ein D\u00fcnensystem gebildet, dass den Strand von den Pinienw\u00e4ldern und Salinen trennt.<\/p>\n<p><strong>In diesem 1490 Hektar gro\u00dfen Gebiet finden 171 Spezies ihr Habitat.<\/strong><\/p>\n<p>Zu ihnen geh\u00f6ren eine gro\u00dfe Vielfalt von Reptilien und S\u00e4ugetieren. Das Besondere an diesem Gebiet ist jedoch die beeindruckende Anzahl an Vogelarten: Fischadler, Rohrweihen oder Wasserl\u00e4ufer sind nur einige der ans\u00e4ssigen V\u00f6gel, die man in Es Trenc beobachten kann. Dank der geographischen Lage kann man hier je nach Jahreszeit jedoch auch verschiedene Zugv\u00f6gelarten wie St\u00f6rche, Flamencos oder S\u00e4belschn\u00e4bler entdecken, die dieses Gebiet zu einem bedeutenden Anziehungspunkt f\u00fcr Ornithologen aus der ganzen Welt machen. Am besten bleibt man bis zur Abendd\u00e4mmerung am Strand, denn den Sonnenuntergang hier sollte man auf keinen Fall verpassen.<\/p>\n\t\t\t\t\t\t<\/div>\n\t\t\t\t<\/div>\n\t\t\t\t<div class=\"elementor-element elementor-element-9b07518 elementor-widget elementor-widget-image\" data-id=\"9b07518\" data-element_type=\"widget\" data-widget_type=\"image.default\">\n\t\t\t\t<div class=\"elementor-widget-container\">\n\t\t\t\t\t\t\t\t\t\t\t\t\t<img decoding=\"async\" width=\"600\" height=\"600\" src=\"https:\/\/sabassaplana.com\/wp-content\/uploads\/2024\/03\/AdobeStock_80519909-1.jpg\" class=\"attachment-full size-full wp-image-4597\" alt=\"\" srcset=\"https:\/\/sabassaplana.com\/wp-content\/uploads\/2024\/03\/AdobeStock_80519909-1.jpg 600w, https:\/\/sabassaplana.com\/wp-content\/uploads\/2024\/03\/AdobeStock_80519909-1-300x300.jpg 300w, https:\/\/sabassaplana.com\/wp-content\/uploads\/2024\/03\/AdobeStock_80519909-1-100x100.jpg 100w, https:\/\/sabassaplana.com\/wp-content\/uploads\/2024\/03\/AdobeStock_80519909-1-150x150.jpg 150w\" sizes=\"(max-width: 600px) 100vw, 600px\" \/>\t\t\t\t\t\t\t\t\t\t\t\t\t<\/div>\n\t\t\t\t<\/div>\n\t\t\t\t<\/div>\n\t\t\t\t<\/div>\n\t\t<div class=\"elementor-element elementor-element-5055c3e e-con-full e-flex e-con e-parent\" data-id=\"5055c3e\" data-element_type=\"container\" data-settings=\"{&quot;background_background&quot;:&quot;classic&quot;,&quot;jet_parallax_layout_list&quot;:[]}\" data-core-v316-plus=\"true\">\n\t\t<div class=\"elementor-element elementor-element-dd7017e e-con-full e-flex e-con e-child\" data-id=\"dd7017e\" data-element_type=\"container\" data-settings=\"{&quot;jet_parallax_layout_list&quot;:[]}\">\n\t\t<div class=\"elementor-element elementor-element-cf8f948 e-con-full e-flex e-con e-child\" data-id=\"cf8f948\" data-element_type=\"container\" data-settings=\"{&quot;background_background&quot;:&quot;classic&quot;,&quot;jet_parallax_layout_list&quot;:[]}\">\n\t\t\t\t<\/div>\n\t\t<div class=\"elementor-element elementor-element-3397e64 e-con-full e-flex e-con e-child\" data-id=\"3397e64\" data-element_type=\"container\" data-settings=\"{&quot;background_background&quot;:&quot;classic&quot;,&quot;jet_parallax_layout_list&quot;:[]}\">\n\t\t\t\t<div class=\"elementor-element elementor-element-3077eb9 max900 elementor-widget elementor-widget-text-editor\" data-id=\"3077eb9\" data-element_type=\"widget\" data-widget_type=\"text-editor.default\">\n\t\t\t\t<div class=\"elementor-widget-container\">\n\t\t\t\t\t\t\t<p>\u201dDie Menschen des Mittelmeers begannen die Barbarei hinter sich zu lassen, als sie lernten, Oliven und Wein anzubauen.\u201d<\/p>\n\t\t\t\t\t\t<\/div>\n\t\t\t\t<\/div>\n\t\t\t\t<div class=\"elementor-element elementor-element-f690b3e max900 elementor-widget elementor-widget-text-editor\" data-id=\"f690b3e\" data-element_type=\"widget\" data-widget_type=\"text-editor.default\">\n\t\t\t\t<div class=\"elementor-widget-container\">\n\t\t\t\t\t\t\t<p>TUC\u00cdDIDES<\/p>\n\t\t\t\t\t\t<\/div>\n\t\t\t\t<\/div>\n\t\t\t\t<\/div>\n\t\t<div class=\"elementor-element elementor-element-af0c7ad e-con-full e-flex e-con e-child\" data-id=\"af0c7ad\" data-element_type=\"container\" data-settings=\"{&quot;background_background&quot;:&quot;classic&quot;,&quot;jet_parallax_layout_list&quot;:[]}\">\n\t\t\t\t<div class=\"elementor-element elementor-element-9bb1238 elementor-widget elementor-widget-spacer\" data-id=\"9bb1238\" data-element_type=\"widget\" data-widget_type=\"spacer.default\">\n\t\t\t\t<div class=\"elementor-widget-container\">\n\t\t\t<style>\/*! elementor - v3.20.0 - 11-03-2024 *\/\n.elementor-column .elementor-spacer-inner{height:var(--spacer-size)}.e-con{--container-widget-width:100%}.e-con-inner>.elementor-widget-spacer,.e-con>.elementor-widget-spacer{width:var(--container-widget-width,var(--spacer-size));--align-self:var(--container-widget-align-self,initial);--flex-shrink:0}.e-con-inner>.elementor-widget-spacer>.elementor-widget-container,.e-con>.elementor-widget-spacer>.elementor-widget-container{height:100%;width:100%}.e-con-inner>.elementor-widget-spacer>.elementor-widget-container>.elementor-spacer,.e-con>.elementor-widget-spacer>.elementor-widget-container>.elementor-spacer{height:100%}.e-con-inner>.elementor-widget-spacer>.elementor-widget-container>.elementor-spacer>.elementor-spacer-inner,.e-con>.elementor-widget-spacer>.elementor-widget-container>.elementor-spacer>.elementor-spacer-inner{height:var(--container-widget-height,var(--spacer-size))}.e-con-inner>.elementor-widget-spacer.elementor-widget-empty,.e-con>.elementor-widget-spacer.elementor-widget-empty{position:relative;min-height:22px;min-width:22px}.e-con-inner>.elementor-widget-spacer.elementor-widget-empty .elementor-widget-empty-icon,.e-con>.elementor-widget-spacer.elementor-widget-empty .elementor-widget-empty-icon{position:absolute;top:0;bottom:0;left:0;right:0;margin:auto;padding:0;width:22px;height:22px}<\/style>\t\t<div class=\"elementor-spacer\">\n\t\t\t<div class=\"elementor-spacer-inner\"><\/div>\n\t\t<\/div>\n\t\t\t\t<\/div>\n\t\t\t\t<\/div>\n\t\t\t\t<\/div>\n\t\t\t\t<\/div>\n\t\t\t\t<\/div>\n\t\t\t\t<\/div>\n\t\t","protected":false},"excerpt":{"rendered":"<p>HIER GIBT ES ALLES, WAS MAN ZUM GENIESSEN BRAUCHT Naturparadies Unser sch\u00f6nes Landgut liegt in der N\u00e4he von Llucmajor. Auf 250\u00a0Hektar k\u00f6nnen Sie zwischen den Mandel- und Zitronenb\u00e4umen und den Weinbergen rund um das Landhotel Natur und Ruhe genie\u00dfen.Dank der guten Anbindung an das Stra\u00dfennetz sind die herrlichen Str\u00e4nde im S\u00fcden der Insel von Sa [&hellip;]<\/p>\n","protected":false},"author":22,"featured_media":0,"parent":0,"menu_order":10,"comment_status":"closed","ping_status":"closed","template":"","meta":{"iawp_total_views":45,"footnotes":""},"class_list":["post-4975","page","type-page","status-publish","hentry"],"_links":{"self":[{"href":"https:\/\/sabassaplana.com\/de\/wp-json\/wp\/v2\/pages\/4975","targetHints":{"allow":["GET"]}}],"collection":[{"href":"https:\/\/sabassaplana.com\/de\/wp-json\/wp\/v2\/pages"}],"about":[{"href":"https:\/\/sabassaplana.com\/de\/wp-json\/wp\/v2\/types\/page"}],"author":[{"embeddable":true,"href":"https:\/\/sabassaplana.com\/de\/wp-json\/wp\/v2\/users\/22"}],"replies":[{"embeddable":true,"href":"https:\/\/sabassaplana.com\/de\/wp-json\/wp\/v2\/comments?post=4975"}],"version-history":[{"count":0,"href":"https:\/\/sabassaplana.com\/de\/wp-json\/wp\/v2\/pages\/4975\/revisions"}],"wp:attachment":[{"href":"https:\/\/sabassaplana.com\/de\/wp-json\/wp\/v2\/media?parent=4975"}],"curies":[{"name":"wp","href":"https:\/\/api.w.org\/{rel}","templated":true}]}}